{"id":2564,"date":"2025-02-11T19:36:00","date_gmt":"2025-02-11T16:36:00","guid":{"rendered":"https:\/\/www.mitatozder.com\/?page_id=2564"},"modified":"2025-02-12T18:10:10","modified_gmt":"2025-02-12T15:10:10","slug":"giris","status":"publish","type":"page","link":"https:\/\/www.mitatozder.com\/","title":{"rendered":"Anasayfa"},"content":{"rendered":"<p data-start=\"319\" data-end=\"338\">Sevgili kariyer yolcumuz, neden bir ko\u00e7 ile \u00e7al\u0131\u015fmal\u0131s\u0131n sorusuna verilecek onlarca cevap i\u00e7erisinde sat\u0131r ba\u015flar\u0131n\u0131 senin i\u00e7in bir araya getirdim. Karar verme a\u015famas\u0131nda sana yard\u0131mc\u0131 olaca\u011f\u0131n\u0131 d\u00fc\u015f\u00fcnd\u00fc\u011f\u00fcm ana ba\u015fl\u0131klar \u015funlar.<\/p>\n<ul data-start=\"339\" data-end=\"1074\">\n<li data-start=\"339\" data-end=\"599\"><strong data-start=\"341\" data-end=\"360\">\u00d6z fark\u0131ndal\u0131k:<\/strong> \u00d6\u011frencinin &#8220;Ben ne istiyorum?&#8221; gibi temel sorulara cevap aramas\u0131, asl\u0131nda onun i\u00e7sel motivasyonunu ortaya \u00e7\u0131kar\u0131r. Bu s\u00fcre\u00e7, \u00f6\u011frencinin sadece bilgiyi pasif olarak almas\u0131 yerine, aktif bir \u015fekilde \u00f6\u011frenmesi ve geli\u015fmesi i\u00e7in \u00e7ok \u00f6nemli.<\/li>\n<li data-start=\"600\" data-end=\"798\"><strong data-start=\"602\" data-end=\"633\">Sorumluluk ve organizasyon:<\/strong> \u00d6\u011frencinin ailesi, okulu, arkada\u015flar\u0131yla olan ili\u015fkilerinin d\u00fczenlenmesinde ko\u00e7un rol\u00fc, onun sosyal becerilerinin yan\u0131 s\u0131ra \u00f6z y\u00f6netim becerilerini de geli\u015ftirir.<\/li>\n<li data-start=\"799\" data-end=\"1074\"><strong data-start=\"801\" data-end=\"830\">Hedef belirleme ve eylem:<\/strong> Hedef belirlemek ve bu hedeflere y\u00f6nelik ad\u0131mlar atmak, \u00f6\u011frencinin ya\u015fam boyu \u00f6\u011frenme s\u00fcrecini destekler. \u00d6zellikle s\u0131nav ba\u015far\u0131s\u0131 gibi k\u0131sa vadeli hedeflerin yan\u0131 s\u0131ra, uzun vadeli kariyer hedeflerine ula\u015fmada da bu yakla\u015f\u0131m olduk\u00e7a etkili.<\/li>\n<\/ul>\n<p data-start=\"1076\" data-end=\"1290\">Ko\u00e7luk s\u00fcrecinde sorulmas\u0131 gereken sorular ise, \u00f6\u011frencinin kendi yol haritas\u0131n\u0131 \u00e7izebilmesi ad\u0131na kritik. Bu sorular, \u00f6\u011frencinin kendi potansiyelini fark etmesine ve daha bilin\u00e7li kararlar vermesine olanak tan\u0131r.<\/p>\n<p data-start=\"1292\" data-end=\"1624\" data-is-last-node=\"\">Genel olarak, bu yakla\u015f\u0131m \u00f6\u011frenciyi kendi ya\u015fam\u0131n\u0131n aktif bir kat\u0131l\u0131mc\u0131s\u0131 haline getiriyor. Senin de belirtti\u011fin gibi; ko\u00e7luk, \u00f6\u011frencinin hem akademik hem de ki\u015fisel geli\u015fiminde fark\u0131ndal\u0131k yarat\u0131yor ve ona kendi g\u00fcc\u00fcn\u00fc ke\u015ffetme f\u0131rsat\u0131 sunuyor.<\/p>\n<p data-start=\"0\" data-end=\"40\"><strong data-start=\"0\" data-end=\"40\">Haydi, Kendi Hikayeni Yazmaya Ba\u015fla!<\/strong><\/p>\n<p data-start=\"42\" data-end=\"234\">\u00d6\u011frenciysen, kendini ke\u015ffetmek, hedeflerini netle\u015ftirmek ve potansiyelini zirveye ta\u015f\u0131mak i\u00e7in do\u011fru yerdesin. E\u011fitim ko\u00e7lu\u011fu, senin i\u00e7in hayat boyu s\u00fcrecek bir ba\u015far\u0131 yolculu\u011funun ba\u015flang\u0131c\u0131!<\/p>\n<p data-start=\"236\" data-end=\"273\"><strong data-start=\"236\" data-end=\"273\">Dijital Ko\u00e7un Sana Neler Sunuyor?<\/strong><\/p>\n<ul data-start=\"275\" data-end=\"771\">\n<li data-start=\"275\" data-end=\"362\"><strong data-start=\"277\" data-end=\"304\">Kendini Tan\u0131ma F\u0131rsat\u0131:<\/strong> &#8220;Ben ne istiyorum?&#8221; sorusuyla i\u00e7indeki g\u00fcc\u00fc ortaya \u00e7\u0131kar.<\/li>\n<li data-start=\"363\" data-end=\"474\"><strong data-start=\"365\" data-end=\"385\">Hedef Belirleme:<\/strong> Gelece\u011fe dair hayallerini ger\u00e7e\u011fe d\u00f6n\u00fc\u015ft\u00fcrmek i\u00e7in net ve ula\u015f\u0131labilir hedefler belirle.<\/li>\n<li data-start=\"475\" data-end=\"563\"><strong data-start=\"477\" data-end=\"500\">\u00d6\u011frenme Becerileri:<\/strong> Kendi \u00f6\u011frenme stilini ke\u015ffederek okul ve s\u0131nav ba\u015far\u0131n\u0131 art\u0131r.<\/li>\n<li data-start=\"564\" data-end=\"677\"><strong data-start=\"566\" data-end=\"597\">Organizasyon ve Sorumluluk:<\/strong> Aile, okul, arkada\u015f ili\u015fkilerini d\u00fczenle ve zaman\u0131n\u0131 en verimli \u015fekilde kullan.<\/li>\n<li data-start=\"678\" data-end=\"771\"><strong data-start=\"680\" data-end=\"707\">\u00d6z G\u00fcven ve Motivasyon:<\/strong> Kendine olan inanc\u0131n\u0131 tazeleyerek her ad\u0131mda daha g\u00fc\u00e7l\u00fc ilerle.<\/li>\n<\/ul>\n<p data-start=\"773\" data-end=\"815\"><strong data-start=\"773\" data-end=\"815\">Sorular\u0131na Cevap Bulmak m\u0131 \u0130stiyorsun?<\/strong><\/p>\n<ul data-start=\"817\" data-end=\"930\">\n<li data-start=\"817\" data-end=\"839\">Ne yapmak istiyorum?<\/li>\n<li data-start=\"840\" data-end=\"863\">Nereden ba\u015flamal\u0131y\u0131m?<\/li>\n<li data-start=\"864\" data-end=\"896\">G\u00fc\u00e7l\u00fc ve zay\u0131f y\u00f6nlerim neler?<\/li>\n<li data-start=\"897\" data-end=\"930\">Hangi mesle\u011fi se\u00e7mek istiyorum?<\/li>\n<\/ul>\n","protected":false},"excerpt":{"rendered":"<p>Sevgili kariyer yolcumuz, neden bir ko\u00e7 ile \u00e7al\u0131\u015fmal\u0131s\u0131n sorusuna verilecek onlarca cevap i\u00e7erisinde sat\u0131r ba\u015flar\u0131n\u0131 senin i\u00e7in bir araya getirdim. Karar verme a\u015famas\u0131nda sana yard\u0131mc\u0131 olaca\u011f\u0131n\u0131 d\u00fc\u015f\u00fcnd\u00fc\u011f\u00fcm ana ba\u015fl\u0131klar \u015funlar. \u00d6z fark\u0131ndal\u0131k: \u00d6\u011frencinin &#8220;Ben ne istiyorum?&#8221; gibi temel sorulara cevap aramas\u0131, asl\u0131nda onun i\u00e7sel motivasyonunu ortaya \u00e7\u0131kar\u0131r. Bu s\u00fcre\u00e7, \u00f6\u011frencinin sadece bilgiyi pasif olarak almas\u0131 yerine, aktif bir \u015fekilde \u00f6\u011frenmesi ve geli\u015fmesi i\u00e7in \u00e7ok \u00f6nemli. Sorumluluk ve organizasyon: \u00d6\u011frencinin ailesi, okulu, arkada\u015flar\u0131yla olan ili\u015fkilerinin d\u00fczenlenmesinde ko\u00e7un rol\u00fc, onun sosyal becerilerinin yan\u0131 s\u0131ra \u00f6z y\u00f6netim becerilerini de geli\u015ftirir. Hedef belirleme ve eylem: Hedef belirlemek ve bu hedeflere y\u00f6nelik ad\u0131mlar atmak, \u00f6\u011frencinin ya\u015fam boyu \u00f6\u011frenme s\u00fcrecini destekler. \u00d6zellikle s\u0131nav ba\u015far\u0131s\u0131 gibi k\u0131sa vadeli hedeflerin yan\u0131 s\u0131ra, uzun vadeli kariyer hedeflerine ula\u015fmada da bu yakla\u015f\u0131m olduk\u00e7a etkili. Ko\u00e7luk s\u00fcrecinde sorulmas\u0131 gereken sorular ise, \u00f6\u011frencinin kendi yol haritas\u0131n\u0131 \u00e7izebilmesi ad\u0131na kritik. Bu sorular, \u00f6\u011frencinin kendi potansiyelini fark etmesine ve daha bilin\u00e7li kararlar vermesine olanak tan\u0131r. Genel olarak, bu yakla\u015f\u0131m \u00f6\u011frenciyi kendi ya\u015fam\u0131n\u0131n aktif bir kat\u0131l\u0131mc\u0131s\u0131 haline getiriyor. Senin de belirtti\u011fin gibi; ko\u00e7luk, \u00f6\u011frencinin hem akademik hem de ki\u015fisel geli\u015fiminde fark\u0131ndal\u0131k yarat\u0131yor ve ona kendi g\u00fcc\u00fcn\u00fc ke\u015ffetme f\u0131rsat\u0131 sunuyor. Haydi, Kendi Hikayeni Yazmaya Ba\u015fla! \u00d6\u011frenciysen, kendini ke\u015ffetmek, hedeflerini netle\u015ftirmek ve potansiyelini zirveye ta\u015f\u0131mak i\u00e7in do\u011fru yerdesin. E\u011fitim ko\u00e7lu\u011fu, senin i\u00e7in hayat boyu s\u00fcrecek bir ba\u015far\u0131 yolculu\u011funun ba\u015flang\u0131c\u0131! Dijital Ko\u00e7un Sana Neler Sunuyor? Kendini Tan\u0131ma F\u0131rsat\u0131: &#8220;Ben ne istiyorum?&#8221; sorusuyla i\u00e7indeki g\u00fcc\u00fc ortaya \u00e7\u0131kar. Hedef Belirleme: Gelece\u011fe dair hayallerini ger\u00e7e\u011fe d\u00f6n\u00fc\u015ft\u00fcrmek i\u00e7in net ve ula\u015f\u0131labilir hedefler belirle. \u00d6\u011frenme Becerileri: Kendi \u00f6\u011frenme stilini ke\u015ffederek okul ve s\u0131nav ba\u015far\u0131n\u0131 art\u0131r. Organizasyon ve Sorumluluk: Aile, okul, arkada\u015f ili\u015fkilerini d\u00fczenle ve zaman\u0131n\u0131 en verimli \u015fekilde kullan. \u00d6z G\u00fcven ve Motivasyon: Kendine olan inanc\u0131n\u0131 tazeleyerek her ad\u0131mda daha g\u00fc\u00e7l\u00fc ilerle. Sorular\u0131na Cevap Bulmak m\u0131 \u0130stiyorsun? Ne yapmak istiyorum? Nereden ba\u015flamal\u0131y\u0131m? G\u00fc\u00e7l\u00fc ve zay\u0131f y\u00f6nlerim neler? Hangi mesle\u011fi se\u00e7mek istiyorum?<\/p>\n","protected":false},"author":1,"featured_media":0,"parent":0,"menu_order":0,"comment_status":"closed","ping_status":"closed","template":"","meta":{"footnotes":""},"class_list":["post-2564","page","type-page","status-publish","hentry"],"_links":{"self":[{"href":"https:\/\/www.mitatozder.com\/index.php?rest_route=\/wp\/v2\/pages\/2564","targetHints":{"allow":["GET"]}}],"collection":[{"href":"https:\/\/www.mitatozder.com\/index.php?rest_route=\/wp\/v2\/pages"}],"about":[{"href":"https:\/\/www.mitatozder.com\/index.php?rest_route=\/wp\/v2\/types\/page"}],"author":[{"embeddable":true,"href":"https:\/\/www.mitatozder.com\/index.php?rest_route=\/wp\/v2\/users\/1"}],"replies":[{"embeddable":true,"href":"https:\/\/www.mitatozder.com\/index.php?rest_route=%2Fwp%2Fv2%2Fcomments&post=2564"}],"version-history":[{"count":5,"href":"https:\/\/www.mitatozder.com\/index.php?rest_route=\/wp\/v2\/pages\/2564\/revisions"}],"predecessor-version":[{"id":2615,"href":"https:\/\/www.mitatozder.com\/index.php?rest_route=\/wp\/v2\/pages\/2564\/revisions\/2615"}],"wp:attachment":[{"href":"https:\/\/www.mitatozder.com\/index.php?rest_route=%2Fwp%2Fv2%2Fmedia&parent=2564"}],"curies":[{"name":"wp","href":"https:\/\/api.w.org\/{rel}","templated":true}]}}